{"id":1249,"date":"2025-09-25T11:44:34","date_gmt":"2025-09-25T09:44:34","guid":{"rendered":"https:\/\/hausarztpraxis-klappoth.de\/?page_id=1249"},"modified":"2026-05-14T08:53:50","modified_gmt":"2026-05-14T06:53:50","slug":"aktuelles","status":"publish","type":"page","link":"https:\/\/hausarztpraxis-klappoth.de\/?page_id=1249","title":{"rendered":"Aktuelles"},"content":{"rendered":"<p><div class=\"fusion-fullwidth fullwidth-box fusion-builder-row-1 fusion-flex-container has-pattern-background has-mask-background nonhundred-percent-fullwidth non-hundred-percent-height-scrolling\" style=\"--awb-border-radius-top-left:0px;--awb-border-radius-top-right:0px;--awb-border-radius-bottom-right:0px;--awb-border-radius-bottom-left:0px;--awb-flex-wrap:wrap;\" ><div class=\"fusion-builder-row fusion-row fusion-flex-align-items-flex-start fusion-flex-content-wrap\" style=\"max-width:1216.8px;margin-left: calc(-4% \/ 2 );margin-right: calc(-4% \/ 2 );\"><div class=\"fusion-layout-column fusion_builder_column fusion-builder-column-0 fusion_builder_column_1_1 1_1 fusion-flex-column\" style=\"--awb-bg-size:cover;--awb-width-large:100%;--awb-margin-top-large:0px;--awb-spacing-right-large:1.92%;--awb-margin-bottom-large:30px;--awb-spacing-left-large:1.92%;--awb-width-medium:100%;--awb-order-medium:0;--awb-spacing-right-medium:1.92%;--awb-spacing-left-medium:1.92%;--awb-width-small:100%;--awb-order-small:0;--awb-spacing-right-small:1.92%;--awb-spacing-left-small:1.92%;\"><div class=\"fusion-column-wrapper fusion-column-has-shadow fusion-flex-justify-content-flex-start fusion-content-layout-column\"><div class=\"fusion-title title fusion-title-1 fusion-sep-none fusion-title-center fusion-title-text fusion-title-size-two\" style=\"--awb-text-color:#000000;--awb-font-size:20px;\"><h2 class=\"fusion-title-heading title-heading-center fusion-responsive-typography-calculated\" style=\"font-family:Arial, Helvetica, sans-serif;font-style:normal;font-weight:400;margin:0;text-transform:capitalize;font-size:1em;--fontSize:20;--minFontSize:20;line-height:1.25;\">PATIENTENINFORMATION IN DER HAUSARZTPRAXIS<\/h2><\/div><\/div><\/div><\/div><\/div><div class=\"fusion-fullwidth fullwidth-box fusion-builder-row-2 fusion-flex-container has-pattern-background has-mask-background nonhundred-percent-fullwidth non-hundred-percent-height-scrolling\" style=\"--awb-border-radius-top-left:0px;--awb-border-radius-top-right:0px;--awb-border-radius-bottom-right:0px;--awb-border-radius-bottom-left:0px;--awb-flex-wrap:wrap;\" ><div class=\"fusion-builder-row fusion-row fusion-flex-align-items-flex-start fusion-flex-content-wrap\" style=\"max-width:1216.8px;margin-left: calc(-4% \/ 2 );margin-right: calc(-4% \/ 2 );\"><div class=\"fusion-layout-column fusion_builder_column fusion-builder-column-1 fusion_builder_column_1_1 1_1 fusion-flex-column\" style=\"--awb-bg-size:cover;--awb-width-large:100%;--awb-margin-top-large:0px;--awb-spacing-right-large:1.92%;--awb-margin-bottom-large:0px;--awb-spacing-left-large:1.92%;--awb-width-medium:100%;--awb-order-medium:0;--awb-spacing-right-medium:1.92%;--awb-spacing-left-medium:1.92%;--awb-width-small:100%;--awb-order-small:0;--awb-spacing-right-small:1.92%;--awb-spacing-left-small:1.92%;\"><div class=\"fusion-column-wrapper fusion-column-has-shadow fusion-flex-justify-content-flex-start fusion-content-layout-column\"><div class=\"fusion-text fusion-text-1\"><p><b data-fusion-font=\"true\" style=\"font-size: 22px; color: rgb(201, 70, 111);\"><span style=\"font-size: 30px;\" data-fusion-font=\"true\"><u>Aktuelles<\/u><\/span><\/b><\/p>\n<p><b><span data-fusion-font=\"true\" style=\"font-size: 22px; color: rgb(201, 70, 111);\"><span style=\"font-size: 30px;\" data-fusion-font=\"true\">Vertretung am 15.5.2026:<\/span><\/span><\/b><\/p>\n<p><b><span data-fusion-font=\"true\" style=\"font-size: 22px; color: rgb(201, 70, 111);\"><span style=\"font-size: 30px;\" data-fusion-font=\"true\">MVZ Lobetal, Nazarethweg 10c, Lobetal &#8211; Tel. 03338 &#8211; 70 96 540<\/span><\/span><\/b><\/p>\n<p><b><span data-fusion-font=\"true\" style=\"font-size: 22px; color: rgb(201, 70, 111);\"><span style=\"font-size: 30px;\" data-fusion-font=\"true\">MVZ Lobetal, Neuer Schulweg 12, Bernau &#8211; Tel. 03338 &#8211; 91 42 000<\/span><\/span><\/b><\/p>\n<p><b><span data-fusion-font=\"true\" style=\"font-size: 22px; color: rgb(201, 70, 111);\"><span style=\"font-size: 30px;\" data-fusion-font=\"true\">\u00c4rztlicher Bereitschaftsdienst: 116117<\/span><\/span><\/b><\/p>\n<p><b data-fusion-font=\"true\" style=\"font-size: 22px; color: rgb(201, 70, 111);\"><span style=\"font-size: 30px;\" data-fusion-font=\"true\"><u><br \/><\/u><\/span><\/b><\/p>\n<p><b data-fusion-font=\"true\" style=\"font-size: 22px; color: rgb(201, 70, 111);\"><span style=\"font-size: 30px;\" data-fusion-font=\"true\"><u><br \/><\/u><\/span><\/b><\/p>\n<p><b data-fusion-font=\"true\" style=\"font-size: 22px; color: rgb(201, 70, 111);\"><span style=\"font-size: 30px;\" data-fusion-font=\"true\"><u><br \/><\/u><\/span><\/b><\/p>\n<p><a href=\"https:\/\/www.g-ba.de\/downloads\/17-98-6054\/2025-12-18_G-BA_VI_Lungenkrebsfrueherkennung_BF.pdf\" style=\"font-size: 22px;\" data-fusion-font=\"true\"><b style=\"color: rgba(48, 48, 229, 0.98);\">Patienteninformation zur<span style=\"font-size: 22px;\" data-fusion-font=\"true\"><u> Lungenkrebsfr\u00fcherkennung<\/u> <\/span>des Gemeinsamen Bundesausschusses<\/b><\/a><b style=\"color: rgba(48, 48, 229, 0.98);\">                                  (mit weiterf\u00fchrenden Links zum Thema Rauchstopp)<\/b><\/p>\n<p><b style=\"color: rgba(48, 48, 229, 0.98);\"><br \/><\/b><\/p>\n<p><b><span style=\"font-size: 22px;\" data-fusion-font=\"true\"><span style=\"color: rgb(56, 112, 39);\">Hier finden Sie<\/span>:<\/span><\/b><\/p>\n<p><b><span style=\"font-size: 22px;\" data-fusion-font=\"true\"><a href=\"https:\/\/www.bmjv.de\/DE\/themen\/vorsorge_betreuungsrecht\/patientenverfuegung\/patientenverfuegung_node.html\" style=\"color: rgb(24, 89, 142);\">Informationen zur <u>Patientenverf\u00fcgung<\/u> des Bundesministrerium der Justiz und f\u00fcr Verbraucherschutz<\/a><\/span><\/b><\/p>\n<p><a href=\"https:\/\/www.degam.de\/patienteninformationen\" target=\"_blank\" rel=\"noopener noreferrer\" style=\"color: rgb(33, 33, 153); font-size: 22px;\" data-fusion-font=\"true\"><b><span style=\"color: rgb(24, 89, 142);\">Patienteninformationen der <u>Deutschen Gesellschaft f\u00fcr Allgemeinmedizin<\/u><\/span><\/b><\/a><\/p>\n<p><b><span style=\"color: rgb(24, 89, 142);\">                                  <\/span><span style=\"font-size: 22px; color: rgb(24, 89, 142);\" data-fusion-font=\"true\"> <\/span><a href=\"https:\/\/www.hochdruckliga.de\/betroffene\/blutdruckmessung\" target=\"_blank\" rel=\"noopener noreferrer\" style=\"font-size: 22px; color: rgb(24, 89, 142);\" data-fusion-font=\"true\">Patienteninfirmationen zur<u> Heim-Blutdruckmessung<\/u> der Deutschen Hochdruckliga<\/a><\/b><\/p>\n<p><span style=\"color: rgb(24, 89, 142);\">                                 <\/span><span style=\"font-size: 22px; color: rgb(24, 89, 142);\" data-fusion-font=\"true\"> <\/span><span style=\"color: rgb(24, 89, 142); font-size: 22px;\" data-fusion-font=\"true\"> <\/span><span style=\"font-size: 22px; color: rgb(10, 12, 10);\" data-fusion-font=\"true\"><b><span style=\"color: rgb(21, 25, 21); font-size: 22px;\" data-fusion-font=\"true\"><a href=\"https:\/\/www.116117.de\/de\/psychotherapie.php\" target=\"_blank\" rel=\"noopener noreferrer\" style=\"color: rgb(24, 89, 142);\">Patienteninformationen zur<u> Psychotherapie\/Terminvergabe der Terminservicestelle 116117<\/u><\/a><\/span><\/b><\/span><\/p>\n<p><b data-fusion-font=\"true\" style=\"font-size: 22px; color: rgb(201, 70, 111);\"><br \/><\/b><\/p><\/p>\n<\/div><div class=\"fusion-separator fusion-full-width-sep\" style=\"align-self: center;margin-left: auto;margin-right: auto;width:100%;\"><div class=\"fusion-separator-border sep-single sep-solid\" style=\"--awb-height:20px;--awb-amount:20px;--awb-sep-color:#cde000;border-color:#cde000;border-top-width:5px;\"><\/div><\/div><div class=\"fusion-title title fusion-title-2 fusion-sep-none fusion-title-text fusion-title-size-four\" style=\"--awb-text-color:#000000;\"><h4 class=\"fusion-title-heading title-heading-left fusion-responsive-typography-calculated\" style=\"font-family:Arial, Helvetica, sans-serif;font-style:normal;font-weight:400;margin:0;text-transform:capitalize;--fontSize:18;--minFontSize:18;line-height:2;\">Information zur Datenbef\u00fcllung Ihrer ePA<\/h4><\/div><div class=\"fusion-text fusion-text-2\" style=\"--awb-line-height:1.5;\"><p><strong>PLiebe Patientin, lieber Patient,<\/strong><br \/>Sie haben eine (versichertengef\u00fchrte) elektronische Patientenakte (ePA), die Ihnen Ihre Krankenkasse zur Verf\u00fcgung stellt. Diese informiert Sie u. a. zu den Vorteilen der ePA, wie Sie Zugriff auf Ihre ePA bekommen und wie Sie diese nutzen bzw. wie diese funktioniert. Als behandelnde Hausarztpraxis speichern wir Daten aus Ihrer aktuellen Behandlung in Ihre ePA, wenn sie uns elektronisch vorliegen und von uns erhoben wurden. Dazu m\u00fcssen Sie uns nicht auffordern, wir erledigen dies automatisch f\u00fcr Sie. Hierbei handelt es sich u. a. um Befundberichte aus \u00e4rztlichen Untersuchungen und Ma\u00dfnahmen, die wir bei Ihnen durchgef\u00fchrt haben, Arztbriefe, die wir an Ihre mitbehandelnden \u00c4rztinnen und \u00c4rzte schicken sowie Daten zu Laborbefunden. Folgende weitere Daten bef\u00fcllen wir auf Ihren Wunsch:<br \/>u. a. zu durchgef\u00fchrten und geplanten Therapiema\u00dfnahmen, Behandlungsberichten, eAU-Bescheinigungen,<br \/>Daten aus strukturierten Behandlungsprogrammen, eine Kopie Ihres Notfalldatensatzes.<\/p>\n<\/div><\/div><\/div><\/div><\/div><div class=\"fusion-fullwidth fullwidth-box fusion-builder-row-3 fusion-flex-container has-pattern-background has-mask-background nonhundred-percent-fullwidth non-hundred-percent-height-scrolling\" style=\"--awb-border-radius-top-left:0px;--awb-border-radius-top-right:0px;--awb-border-radius-bottom-right:0px;--awb-border-radius-bottom-left:0px;--awb-flex-wrap:wrap;\" ><div class=\"fusion-builder-row fusion-row fusion-flex-align-items-flex-start fusion-flex-content-wrap\" style=\"max-width:1216.8px;margin-left: calc(-4% \/ 2 );margin-right: calc(-4% \/ 2 );\"><div class=\"fusion-layout-column fusion_builder_column fusion-builder-column-2 fusion_builder_column_1_2 1_2 fusion-flex-column\" style=\"--awb-bg-size:cover;--awb-width-large:50%;--awb-margin-top-large:0px;--awb-spacing-right-large:3.84%;--awb-margin-bottom-large:30px;--awb-spacing-left-large:3.84%;--awb-width-medium:100%;--awb-order-medium:0;--awb-spacing-right-medium:1.92%;--awb-spacing-left-medium:1.92%;--awb-width-small:100%;--awb-order-small:0;--awb-spacing-right-small:1.92%;--awb-spacing-left-small:1.92%;\"><div class=\"fusion-column-wrapper fusion-column-has-shadow fusion-flex-justify-content-flex-start fusion-content-layout-column\"><div class=\"fusion-text fusion-text-3\" style=\"--awb-line-height:1.5;\"><p><i class=\"fb-icon-element-1 fb-icon-element fontawesome-icon fa-arrow-alt-circle-right fas circle-yes fusion-text-flow\" style=\"--awb-circlebordersize:1px;--awb-font-size:28.16px;--awb-width:56.32px;--awb-height:56.32px;--awb-line-height:54.32px;--awb-margin-right:16px;\"><\/i>Es gibt besonders sensible Informationen, bei denen<br \/>\nSie unter Umst\u00e4nden nicht m\u00f6chten, dass diese in einer<br \/>\nePA vermerkt werden: Das k\u00f6nnen beispielsweise Daten bei<br \/>\npsychischen Erkrankungen, sexuell \u00fcbertragbaren Infektionen<br \/>\nund Schwangerschaftsabbr\u00fcchen sein. Sollten Sie keine \u00dcbertragung<br \/>\ndieser Daten in Ihre ePA w\u00fcnschen, sprechen Sie uns<br \/>\nbitte an und widersprechen der Einstellung in die ePA.<\/p>\n<\/div><div class=\"fusion-text fusion-text-4\" style=\"--awb-line-height:1.5;--awb-text-font-family:Arial, Helvetica, sans-serif;--awb-text-font-style:normal;--awb-text-font-weight:400;\"><p><i class=\"fb-icon-element-2 fb-icon-element fontawesome-icon fa-question fas circle-yes fusion-text-flow\" style=\"--awb-circlebordersize:1px;--awb-font-size:28.16px;--awb-width:56.32px;--awb-height:56.32px;--awb-line-height:54.32px;--awb-margin-right:16px;\"><\/i>Ein \u00dcberblick \u00fcber alle Daten in der ePA erleichtert die Arbeit f\u00fcr uns als Arztpraxis, soll zu einer hohen Behandlungsqualit\u00e4t beitragen sowie die Versorgung der Patientinnen und Patienten verbessern. Sofern Sie aber nicht w\u00fcnschen, dass wir als Arztpraxis Zugriff auf Ihre ePA erhalten, k\u00f6nnen Sie dies selbstverst\u00e4ndlich entsprechend festlegen. Bis zu einem entsprechenden Widerruf k\u00f6nnen wir dann keine Daten in der ePA lesen oder in diese einstellen.<br \/>\nBitte beachten Sie, dass dieser Widerspruch nicht in der Arztpraxis erfolgt, sondern wahlweise in der ePA-App oder aber bei der Ombudsstelle der Krankenkasse.<\/p>\n<\/div><\/div><\/div><div class=\"fusion-layout-column fusion_builder_column fusion-builder-column-3 fusion_builder_column_1_2 1_2 fusion-flex-column\" style=\"--awb-bg-size:cover;--awb-width-large:50%;--awb-margin-top-large:0px;--awb-spacing-right-large:3.84%;--awb-margin-bottom-large:30px;--awb-spacing-left-large:3.84%;--awb-width-medium:100%;--awb-order-medium:0;--awb-spacing-right-medium:1.92%;--awb-spacing-left-medium:1.92%;--awb-width-small:100%;--awb-order-small:0;--awb-spacing-right-small:1.92%;--awb-spacing-left-small:1.92%;\"><div class=\"fusion-column-wrapper fusion-column-has-shadow fusion-flex-justify-content-flex-start fusion-content-layout-column\"><div class=\"fusion-text fusion-text-5\" style=\"--awb-line-height:1.5;\"><p><i class=\"fb-icon-element-3 fb-icon-element fontawesome-icon fa-arrow-alt-circle-right fas circle-yes fusion-text-flow\" style=\"--awb-circlebordersize:1px;--awb-font-size:28.16px;--awb-width:56.32px;--awb-height:56.32px;--awb-line-height:54.32px;--awb-margin-right:16px;\"><\/i><span style=\"line-height: 25px;\" data-fusion-font=\"true\">Dar\u00fcber hinaus haben Sie das Recht, <\/span><span style=\"line-height: 25px;\" data-fusion-font=\"true\">grunds\u00e4tzlich einer Speicherung von <\/span><span style=\"line-height: 25px;\" data-fusion-font=\"true\">Informationen in Ihrer ePA gegen\u00fcber Ihrer <\/span><span style=\"line-height: 25px;\" data-fusion-font=\"true\">Arztpraxis zu widersprechen.<\/span><\/p>\n<\/div><div class=\"fusion-text fusion-text-6\"><p><strong>Bei Fragen rund um <\/strong><strong>Ihre ePA hilft Ihnen Ihre<\/strong><br \/>\n<strong>Krankenkasse weiter:<\/strong><br \/>\n<strong>link.haev.de\/gematik-kk<\/strong><\/p>\n<\/div><div class=\"fusion-image-element \" style=\"--awb-caption-title-font-family:var(--h2_typography-font-family);--awb-caption-title-font-weight:var(--h2_typography-font-weight);--awb-caption-title-font-style:var(--h2_typography-font-style);--awb-caption-title-size:var(--h2_typography-font-size);--awb-caption-title-transform:var(--h2_typography-text-transform);--awb-caption-title-line-height:var(--h2_typography-line-height);--awb-caption-title-letter-spacing:var(--h2_typography-letter-spacing);\"><span class=\" fusion-imageframe imageframe-none imageframe-1 hover-type-none\"><img decoding=\"async\" width=\"241\" height=\"241\" title=\"2025_01_31_ePA_PatienteninformationQR\" src=\"https:\/\/hausarztpraxis-klappoth.de\/wp-content\/uploads\/2025\/09\/2025_01_31_ePA_PatienteninformationQR.jpeg\" data-orig-src=\"http:\/\/hausarztpraxis-klappoth.de\/wp-content\/uploads\/2025\/09\/2025_01_31_ePA_PatienteninformationQR.jpeg\" alt class=\"lazyload img-responsive wp-image-1251\" srcset=\"data:image\/svg+xml,%3Csvg%20xmlns%3D%27http%3A%2F%2Fwww.w3.org%2F2000%2Fsvg%27%20width%3D%27241%27%20height%3D%27241%27%20viewBox%3D%270%200%20241%20241%27%3E%3Crect%20width%3D%27241%27%20height%3D%27241%27%20fill-opacity%3D%220%22%2F%3E%3C%2Fsvg%3E\" data-srcset=\"https:\/\/hausarztpraxis-klappoth.de\/wp-content\/uploads\/2025\/09\/2025_01_31_ePA_PatienteninformationQR-200x200.jpeg 200w, https:\/\/hausarztpraxis-klappoth.de\/wp-content\/uploads\/2025\/09\/2025_01_31_ePA_PatienteninformationQR.jpeg 241w\" data-sizes=\"auto\" data-orig-sizes=\"(max-width: 1024px) 100vw, (max-width: 640px) 100vw, 241px\" \/><\/span><\/div><\/div><\/div><\/div><\/div><\/p>\n","protected":false},"excerpt":{"rendered":"","protected":false},"author":1,"featured_media":0,"parent":0,"menu_order":0,"comment_status":"closed","ping_status":"closed","template":"","meta":{"footnotes":""},"class_list":["post-1249","page","type-page","status-publish","hentry"],"aioseo_notices":[],"_links":{"self":[{"href":"https:\/\/hausarztpraxis-klappoth.de\/index.php?rest_route=\/wp\/v2\/pages\/1249","targetHints":{"allow":["GET"]}}],"collection":[{"href":"https:\/\/hausarztpraxis-klappoth.de\/index.php?rest_route=\/wp\/v2\/pages"}],"about":[{"href":"https:\/\/hausarztpraxis-klappoth.de\/index.php?rest_route=\/wp\/v2\/types\/page"}],"author":[{"embeddable":true,"href":"https:\/\/hausarztpraxis-klappoth.de\/index.php?rest_route=\/wp\/v2\/users\/1"}],"replies":[{"embeddable":true,"href":"https:\/\/hausarztpraxis-klappoth.de\/index.php?rest_route=%2Fwp%2Fv2%2Fcomments&post=1249"}],"version-history":[{"count":24,"href":"https:\/\/hausarztpraxis-klappoth.de\/index.php?rest_route=\/wp\/v2\/pages\/1249\/revisions"}],"predecessor-version":[{"id":1369,"href":"https:\/\/hausarztpraxis-klappoth.de\/index.php?rest_route=\/wp\/v2\/pages\/1249\/revisions\/1369"}],"wp:attachment":[{"href":"https:\/\/hausarztpraxis-klappoth.de\/index.php?rest_route=%2Fwp%2Fv2%2Fmedia&parent=1249"}],"curies":[{"name":"wp","href":"https:\/\/api.w.org\/{rel}","templated":true}]}}